{"id":2037,"date":"2026-01-28T08:10:02","date_gmt":"2026-01-28T08:10:02","guid":{"rendered":"https:\/\/www.starsawakenvip.com\/?post_type=product&#038;p=2037"},"modified":"2026-01-28T08:10:02","modified_gmt":"2026-01-28T08:10:02","slug":"d131-single-remembrance-set-standard","status":"publish","type":"product","link":"https:\/\/www.starsawakenvip.com\/zh\/product\/d131-single-remembrance-set-standard\/","title":{"rendered":"D131 \u55ae\u4eba\u7d00\u5ff5\u5957\u88dd - \u6a19\u6e96"},"content":{"rendered":"<p>\u7c21\u4ecb<br \/>\n\u4e00\u9805\u5177\u8c61\u5fb5\u610f\u7fa9\u7684\u7d19\u85dd\u670d\u52d9\uff0c\u5305\u542b\u4e00\u5957\u57fa\u672c\u5143\u4ef6\u3002\u5b8c\u6210\u5f8c\u7684\u4ea4\u4ed8\u54c1\u5305\u62ec\u7167\u7247\/\u8996\u8a0a\u6587\u4ef6\u3002<br \/>\n\u5167\u5bb9\u5305\u62ec<br \/>\n\u8c61\u5fb5\u91d1\u7b94\u9320 \u00d7 3,000<br \/>\n\u8c61\u5fb5\u6027\u91d1\u7b94\u689d \u00d7 50<br \/>\n\u8d85\u7d1a\u5e02\u5834\u79ae\u5238\uff08\u7b26\u865f\u5361\uff09\u00d75 \u5377<br \/>\n\u7d19\u85dd\u670d\u98fe\uff08\u7537\/\u5973\u53ef\u9078\uff09\u00d75 \u5957<\/p>\n<p>\u9001\u8ca8<br \/>\n\u6578\u4f4d\u6a94\u6848\u6703\u5728 1.5 \u5230 2 \u500b\u6708\u5167\u900f\u904e\u7dda\u4e0a\u9023\u7d50\u9001\u9054\u3002<br \/>\n\u7522\u54c1\u5716\u7247\u50c5\u4f9b\u53c3\u8003\uff0c\u4e0d\u4ee3\u8868\u5be6\u7269\u3002<br \/>\n\u514d\u8cac\u8072\u660e<br \/>\n\u9019\u662f\u4e00\u9805\u8c61\u5fb5\u6027\u7684\u7d00\u5ff5\u670d\u52d9\uff0c\u50c5\u63d0\u4f9b\u6587\u4ef6\uff08\u7167\u7247\/\u8996\u8a0a\uff09\u548c\u5b8c\u6210\u5099\u5fd8\u9304\u3002\u4e0d\u505a\u4efb\u4f55\u5b97\u6559\u3001\u5f62\u800c\u4e0a\u5b78\u6216\u529f\u6548\u7684\u5ba3\u7a31\u3002\u6240\u6709\u8655\u7406\u65b9\u5f0f\u5747\u9075\u5faa\u7576\u5730\u6cd5\u5f8b\u548c\u6cd5\u898f\uff1b\u8655\u7406\u904e\u7a0b\u53ef\u80fd\u56e0\u5730\u800c\u7570\u3002\u4e0d\u627f\u8afe\u4efb\u4f55\u7279\u5b9a\u7d50\u679c\u6216\u6539\u8b8a\u3002<br \/>\n\u7522\u54c1\u5716\u7247\u50c5\u4f9b\u53c3\u8003\uff0c\u4e26\u975e\u5be6\u969b\u5716\u7247\u3002<br \/>\n\u5e38\u898b\u554f\u984c<br \/>\nQ1: \u9019\u9805\u670d\u52d9\u6709\u5b97\u6559\u6216\u8d85\u81ea\u7136\u7684\u6548\u679c\u55ce\uff1f<br \/>\nA1: \u4e0d\uff0c\u9019\u53ea\u662f\u8c61\u5fb5\u6027\u548c\u7d00\u5ff5\u6027\u7684\u3002<br \/>\nQ2: \u4f60\u5011\u6703\u5bc4\u9001\u5be6\u9ad4\u5546\u54c1\u55ce\uff1f<br \/>\nA2: \u662f\u7684\uff0c\u60a8\u53ef\u4ee5\u9078\u64c7\u6578\u4f4d\u6a94\u6848 (\u76f8\u7247\/\u5f71\u7247 + PDF) \u6216\u5be6\u9ad4\u7d19\u85dd\u54c1\u3002\u5982\u679c\u9700\u8981\u904b\u9001\uff0c\u5247\u9700\u652f\u4ed8\u984d\u5916\u7684\u5feb\u905e\u8cbb\u7528\u3002<br \/>\nQ3: \u9001\u8ca8\u5f62\u5f0f\uff1f<br \/>\nA3\uff1a\u900f\u904e\u96f2\u7aef\u9023\u7d50\u9032\u884c\u6578\u4f4d\u9001\u8ca8\uff0c\u6216\u5be6\u9ad4\u51fa\u8ca8\u4e26\u6536\u53d6\u5feb\u905e\u8cbb\u9644\u52a0\u8cbb\u3002<\/p>","protected":false},"excerpt":{"rendered":"<p>Introduction A symbolic paper-craft service with a basic set of components. Deliverables include photo\/video documentation upon completion. What\u2019s Included Symbolic gold-foil ingots \u00d7 3,000 Symbolic gold-foil bars \u00d7 50 Supermarket vouchers (symbolic cards) \u00d7 5 rolls Paper-craft clothing (male\/female option) \u00d7 5 sets Delivery Digital files will be delivered within 1.5 to 2 months via [&hellip;]<\/p>\n","protected":false},"featured_media":2038,"comment_status":"open","ping_status":"closed","template":"","meta":{"site-sidebar-layout":"default","site-content-layout":"","ast-site-content-layout":"default","site-content-style":"default","site-sidebar-style":"default","ast-global-header-display":"","ast-banner-title-visibility":"","ast-main-header-display":"","ast-hfb-above-header-display":"","ast-hfb-below-header-display":"","ast-hfb-mobile-header-display":"","site-post-title":"","ast-breadcrumbs-content":"","ast-featured-img":"","footer-sml-layout":"","theme-transparent-header-meta":"default","adv-header-id-meta":"","stick-header-meta":"","header-above-stick-meta":"","header-main-stick-meta":"","header-below-stick-meta":"","astra-migrate-meta-layouts":"set","ast-page-background-enabled":"default","ast-page-background-meta":{"desktop":{"background-color":"var(--ast-global-color-4)","background-image":"","background-repeat":"repeat","background-position":"center center","background-size":"auto","background-attachment":"scroll","background-type":"","background-media":"","overlay-type":"","overlay-color":"","overlay-opacity":"","overlay-gradient":""},"tablet":{"background-color":"","background-image":"","background-repeat":"repeat","background-position":"center center","background-size":"auto","background-attachment":"scroll","background-type":"","background-media":"","overlay-type":"","overlay-color":"","overlay-opacity":"","overlay-gradient":""},"mobile":{"background-color":"","background-image":"","background-repeat":"repeat","background-position":"center center","background-size":"auto","background-attachment":"scroll","background-type":"","background-media":"","overlay-type":"","overlay-color":"","overlay-opacity":"","overlay-gradient":""}},"ast-content-background-meta":{"desktop":{"background-color":"var(--ast-global-color-5)","background-image":"","background-repeat":"repeat","background-position":"center center","background-size":"auto","background-attachment":"scroll","background-type":"","background-media":"","overlay-type":"","overlay-color":"","overlay-opacity":"","overlay-gradient":""},"tablet":{"background-color":"var(--ast-global-color-5)","background-image":"","background-repeat":"repeat","background-position":"center center","background-size":"auto","background-attachment":"scroll","background-type":"","background-media":"","overlay-type":"","overlay-color":"","overlay-opacity":"","overlay-gradient":""},"mobile":{"background-color":"var(--ast-global-color-5)","background-image":"","background-repeat":"repeat","background-position":"center center","background-size":"auto","background-attachment":"scroll","background-type":"","background-media":"","overlay-type":"","overlay-color":"","overlay-opacity":"","overlay-gradient":""}}},"product_brand":[],"product_cat":[157],"product_tag":[161],"class_list":{"0":"post-2037","1":"product","2":"type-product","3":"status-publish","4":"has-post-thumbnail","6":"product_cat-traditional-paper-craft","7":"product_tag-d131","8":"desktop-align-left","9":"tablet-align-left","10":"mobile-align-left","11":"ast-product-gallery-layout-horizontal-slider","12":"ast-product-gallery-with-no-image","13":"ast-product-tabs-layout-horizontal","15":"first","16":"instock","17":"shipping-taxable","18":"purchasable","19":"product-type-simple"},"_links":{"self":[{"href":"https:\/\/www.starsawakenvip.com\/zh\/wp-json\/wp\/v2\/product\/2037","targetHints":{"allow":["GET"]}}],"collection":[{"href":"https:\/\/www.starsawakenvip.com\/zh\/wp-json\/wp\/v2\/product"}],"about":[{"href":"https:\/\/www.starsawakenvip.com\/zh\/wp-json\/wp\/v2\/types\/product"}],"replies":[{"embeddable":true,"href":"https:\/\/www.starsawakenvip.com\/zh\/wp-json\/wp\/v2\/comments?post=2037"}],"version-history":[{"count":1,"href":"https:\/\/www.starsawakenvip.com\/zh\/wp-json\/wp\/v2\/product\/2037\/revisions"}],"predecessor-version":[{"id":2039,"href":"https:\/\/www.starsawakenvip.com\/zh\/wp-json\/wp\/v2\/product\/2037\/revisions\/2039"}],"wp:featuredmedia":[{"embeddable":true,"href":"https:\/\/www.starsawakenvip.com\/zh\/wp-json\/wp\/v2\/media\/2038"}],"wp:attachment":[{"href":"https:\/\/www.starsawakenvip.com\/zh\/wp-json\/wp\/v2\/media?parent=2037"}],"wp:term":[{"taxonomy":"product_brand","embeddable":true,"href":"https:\/\/www.starsawakenvip.com\/zh\/wp-json\/wp\/v2\/product_brand?post=2037"},{"taxonomy":"product_cat","embeddable":true,"href":"https:\/\/www.starsawakenvip.com\/zh\/wp-json\/wp\/v2\/product_cat?post=2037"},{"taxonomy":"product_tag","embeddable":true,"href":"https:\/\/www.starsawakenvip.com\/zh\/wp-json\/wp\/v2\/product_tag?post=2037"}],"curies":[{"name":"wp","href":"https:\/\/api.w.org\/{rel}","templated":true}]}}