{"id":2046,"date":"2026-01-28T08:13:14","date_gmt":"2026-01-28T08:13:14","guid":{"rendered":"https:\/\/www.starsawakenvip.com\/?post_type=product&#038;p=2046"},"modified":"2026-01-28T08:13:14","modified_gmt":"2026-01-28T08:13:14","slug":"d134-joint-remembrance-set-premium","status":"publish","type":"product","link":"https:\/\/www.starsawakenvip.com\/zh\/product\/d134-joint-remembrance-set-premium\/","title":{"rendered":"D134 \u806f\u5408\u7d00\u5ff5\u5957\u88dd - \u512a\u8cea\u7248"},"content":{"rendered":"<p>\u7c21\u4ecb<br \/>\n\u5c08\u70ba\u96d9\u91cd\u6216\u806f\u5408\u7d00\u5ff5\u60c5\u5883\u6240\u8a2d\u8a08\u7684\u8c61\u5fb5\u6027\u7d19\u85dd\u54c1\u711a\u71d2\u670d\u52d9\uff0c\u5177\u6709\u96d9\u5957\u6838\u5fc3\u5143\u4ef6\u3002\u4ea4\u4ed8\u7269\u5305\u62ec\u8996\u8a0a\u6587\u4ef6\u548c PDF \u5099\u5fd8\u9304\u3002<br \/>\n\u5167\u5bb9\u5305\u62ec<br \/>\n\u8c61\u5fb5\u6027\u91d1\u7b94\u9320 \u00d7 5,000<br \/>\n\u8c61\u5fb5\u6027\u91d1\u7b94\u689d \u00d7 100<br \/>\n\u751f\u6d3b\u7528\u54c1\u5238\uff08\u7b26\u865f\u5361\uff09\u00d710 \u5377<br \/>\n\u7d19\u85dd\u670d\u98fe\uff08\u7537\uff09\u00d75 \u5957<br \/>\n\u7d19\u85dd\u670d\u98fe (\u5973\u6027) \u00d7 5 \u5957<br \/>\n\u4f4f\u5bb6\u7d19\u85dd\u6a21\u578b (\u8c61\u5fb5\u6027) \u00d7 1<br \/>\n\u670d\u52d9\u54e1\u7d19\u50cf (\u8c61\u5fb5\u6027) \u00d7 1 \u5957<br \/>\n\u71c3\u71d2\u670d\u52d9<br \/>\n\u5b8c\u6210\u8996\u8a0a\u548c PDF \u5099\u5fd8\u9304<br \/>\n\u9001\u8ca8<br \/>\n\u6578\u4f4d\u6a94\u6848\u6703\u5728 1.5 \u5230 2 \u500b\u6708\u5167\u900f\u904e\u7dda\u4e0a\u50b3\u9001\u3002<br \/>\n\u7522\u54c1\u5716\u7247\u50c5\u4f9b\u53c3\u8003\uff0c\u4e0d\u4ee3\u8868\u5be6\u7269\u3002<br \/>\n\u514d\u8cac\u8072\u660e<br \/>\n\u9019\u662f\u4e00\u9805\u8c61\u5fb5\u6027\u3001\u7d00\u5ff5\u6027\u7684\u670d\u52d9\uff0c\u50c5\u63d0\u4f9b\u6587\u4ef6\uff08\u7167\u7247\/\u8996\u8a0a\uff09\u548c\u5b8c\u6210\u5099\u5fd8\u9304\u3002\u4e0d\u505a\u4efb\u4f55\u5b97\u6559\u3001\u5f62\u800c\u4e0a\u5b78\u6216\u529f\u6548\u7684\u5ba3\u7a31\u3002\u6240\u6709\u8655\u7406\u65b9\u5f0f\u5747\u9075\u5faa\u7576\u5730\u6cd5\u5f8b\u548c\u6cd5\u898f\uff1b\u8655\u7406\u904e\u7a0b\u53ef\u80fd\u56e0\u5730\u800c\u7570\u3002\u4e0d\u627f\u8afe\u7279\u5b9a\u7684\u7d50\u679c\u6216\u6539\u8b8a\u3002\u5982\u679c\u9078\u64c7\u5be6\u9ad4\u904b\u9001\uff0c\u904b\u9001\u6642\u9593\u548c\u4efb\u4f55\u9069\u7528\u7684\u95dc\u7a05\u61c9\u7531\u8cb7\u65b9\u627f\u64d4\u3002\u8cfc\u8cb7\u6b64\u670d\u52d9\uff0c\u5373\u8868\u793a\u60a8\u627f\u8a8d\u4e26\u540c\u610f\u4e0a\u8ff0\u689d\u6b3e\u3002<br \/>\n\u5e38\u898b\u554f\u984c<br \/>\nQ1: Premium \u5957\u88dd\u5305\u62ec\u54ea\u4e9b\u984d\u5916\u5167\u5bb9\uff1f<br \/>\nA1: \u5177\u8c61\u5fb5\u610f\u7fa9\u7684\u4f4f\u5b85\u6a21\u578b\u548c\u96a8\u884c\u4eba\u7269\uff0c\u50c5\u4f9b\u7d00\u5ff5\u5c55\u793a\u3002<br \/>\nQ2: \u5b83\u6703\u5e36\u4f86\u5be6\u969b\u7684\u6548\u679c\u55ce\uff1f<br \/>\nA2: \u4e0d\uff0c\u53ea\u662f\u8c61\u5fb5\u6027\u7684\u3002<br \/>\nQ3: \u9001\u8ca8\u5f62\u5f0f\uff1f<br \/>\nA3: \u60a8\u53ef\u4ee5\u9078\u64c7\u4ee5\u6578\u4f4d\u65b9\u5f0f\u5bc4\u9001 (\u7167\u7247\/\u5f71\u7247 + PDF)\uff0c\u6216\u4ee5\u5be6\u9ad4\u65b9\u5f0f\u5bc4\u9001\uff0c\u4f46\u9700\u53e6\u5916\u652f\u4ed8\u5feb\u905e\u8cbb\u7528\u3002\u5982\u679c\u9700\u8981\u904b\u9001\uff0c\u5247\u9700\u652f\u4ed8\u984d\u5916\u7684\u5feb\u905e\u8cbb\u7528\u3002<\/p>","protected":false},"excerpt":{"rendered":"<p>Introduction A symbolic paper-craft burning service designed for dual or joint remembrance scenarios, featuring a double set of core components. Deliverables include video documentation and a PDF memo. What\u2019s Included Symbolic gold-foil ingots \u00d7 5,000 Symbolic gold-foil bars \u00d7 100 Living supplies vouchers (symbolic cards) \u00d7 10 rolls Paper-craft clothing (male) \u00d7 5 sets Paper-craft [&hellip;]<\/p>\n","protected":false},"featured_media":2047,"comment_status":"open","ping_status":"closed","template":"","meta":{"site-sidebar-layout":"default","site-content-layout":"","ast-site-content-layout":"default","site-content-style":"default","site-sidebar-style":"default","ast-global-header-display":"","ast-banner-title-visibility":"","ast-main-header-display":"","ast-hfb-above-header-display":"","ast-hfb-below-header-display":"","ast-hfb-mobile-header-display":"","site-post-title":"","ast-breadcrumbs-content":"","ast-featured-img":"","footer-sml-layout":"","theme-transparent-header-meta":"default","adv-header-id-meta":"","stick-header-meta":"","header-above-stick-meta":"","header-main-stick-meta":"","header-below-stick-meta":"","astra-migrate-meta-layouts":"set","ast-page-background-enabled":"default","ast-page-background-meta":{"desktop":{"background-color":"var(--ast-global-color-4)","background-image":"","background-repeat":"repeat","background-position":"center center","background-size":"auto","background-attachment":"scroll","background-type":"","background-media":"","overlay-type":"","overlay-color":"","overlay-opacity":"","overlay-gradient":""},"tablet":{"background-color":"","background-image":"","background-repeat":"repeat","background-position":"center center","background-size":"auto","background-attachment":"scroll","background-type":"","background-media":"","overlay-type":"","overlay-color":"","overlay-opacity":"","overlay-gradient":""},"mobile":{"background-color":"","background-image":"","background-repeat":"repeat","background-position":"center center","background-size":"auto","background-attachment":"scroll","background-type":"","background-media":"","overlay-type":"","overlay-color":"","overlay-opacity":"","overlay-gradient":""}},"ast-content-background-meta":{"desktop":{"background-color":"var(--ast-global-color-5)","background-image":"","background-repeat":"repeat","background-position":"center center","background-size":"auto","background-attachment":"scroll","background-type":"","background-media":"","overlay-type":"","overlay-color":"","overlay-opacity":"","overlay-gradient":""},"tablet":{"background-color":"var(--ast-global-color-5)","background-image":"","background-repeat":"repeat","background-position":"center center","background-size":"auto","background-attachment":"scroll","background-type":"","background-media":"","overlay-type":"","overlay-color":"","overlay-opacity":"","overlay-gradient":""},"mobile":{"background-color":"var(--ast-global-color-5)","background-image":"","background-repeat":"repeat","background-position":"center center","background-size":"auto","background-attachment":"scroll","background-type":"","background-media":"","overlay-type":"","overlay-color":"","overlay-opacity":"","overlay-gradient":""}}},"product_brand":[],"product_cat":[157],"product_tag":[164],"class_list":{"0":"post-2046","1":"product","2":"type-product","3":"status-publish","4":"has-post-thumbnail","6":"product_cat-traditional-paper-craft","7":"product_tag-d134","8":"desktop-align-left","9":"tablet-align-left","10":"mobile-align-left","11":"ast-product-gallery-layout-horizontal-slider","12":"ast-product-gallery-with-no-image","13":"ast-product-tabs-layout-horizontal","15":"first","16":"instock","17":"shipping-taxable","18":"purchasable","19":"product-type-simple"},"_links":{"self":[{"href":"https:\/\/www.starsawakenvip.com\/zh\/wp-json\/wp\/v2\/product\/2046","targetHints":{"allow":["GET"]}}],"collection":[{"href":"https:\/\/www.starsawakenvip.com\/zh\/wp-json\/wp\/v2\/product"}],"about":[{"href":"https:\/\/www.starsawakenvip.com\/zh\/wp-json\/wp\/v2\/types\/product"}],"replies":[{"embeddable":true,"href":"https:\/\/www.starsawakenvip.com\/zh\/wp-json\/wp\/v2\/comments?post=2046"}],"version-history":[{"count":1,"href":"https:\/\/www.starsawakenvip.com\/zh\/wp-json\/wp\/v2\/product\/2046\/revisions"}],"predecessor-version":[{"id":2048,"href":"https:\/\/www.starsawakenvip.com\/zh\/wp-json\/wp\/v2\/product\/2046\/revisions\/2048"}],"wp:featuredmedia":[{"embeddable":true,"href":"https:\/\/www.starsawakenvip.com\/zh\/wp-json\/wp\/v2\/media\/2047"}],"wp:attachment":[{"href":"https:\/\/www.starsawakenvip.com\/zh\/wp-json\/wp\/v2\/media?parent=2046"}],"wp:term":[{"taxonomy":"product_brand","embeddable":true,"href":"https:\/\/www.starsawakenvip.com\/zh\/wp-json\/wp\/v2\/product_brand?post=2046"},{"taxonomy":"product_cat","embeddable":true,"href":"https:\/\/www.starsawakenvip.com\/zh\/wp-json\/wp\/v2\/product_cat?post=2046"},{"taxonomy":"product_tag","embeddable":true,"href":"https:\/\/www.starsawakenvip.com\/zh\/wp-json\/wp\/v2\/product_tag?post=2046"}],"curies":[{"name":"wp","href":"https:\/\/api.w.org\/{rel}","templated":true}]}}